{"id":883,"date":"2024-04-15T13:51:25","date_gmt":"2024-04-15T12:51:25","guid":{"rendered":"https:\/\/game-zone-hammamlif.com\/?post_type=product&#038;p=883"},"modified":"2024-04-15T13:55:19","modified_gmt":"2024-04-15T12:55:19","slug":"pubg-mobile-600-90-uc","status":"publish","type":"product","link":"https:\/\/game-zone-hammamlif.com\/index.php\/product\/pubg-mobile-600-90-uc\/","title":{"rendered":"PUBG Mobile 600 + 90 UC"},"content":{"rendered":"<p>PlayerUnkown&rsquo;s Battlegrounds (PUBG) est un g\u00e9ant de l&rsquo;industrie du jeu de la g\u00e9n\u00e9ration moderne, qui est \u00e0 lui seul responsable de l&rsquo;initialisation de la popularit\u00e9 massive de l&rsquo;ensemble du genre Battle Royale. En 2018, Tencent Games a lanc\u00e9 le jeu PUBG Corporation pour les appareils mobiles tels que les syst\u00e8mes Android ou iOS. Les utilisateurs peuvent t\u00e9l\u00e9charger le jeu enti\u00e8rement gratuitement, cependant, si vous souhaitez tirer le meilleur parti de votre exp\u00e9rience, vous devez acheter le code d&rsquo;\u00e9change PUBG Mobile 60 UC !<\/p>\n","protected":false},"excerpt":{"rendered":"<p>La monnaie UC fonctionne de la m\u00eame mani\u00e8re que de nombreuses monnaies virtuelles provenant de titres de jeux en ligne alternatifs, car elle permet \u00e9galement d&rsquo;acheter des objets exclusifs dans le jeu qui ont une valeur r\u00e9elle mesurable. Ne vous inqui\u00e9tez pas du \u00ab payer pour gagner \u00bb ou de tout autre avantage injuste : l&rsquo;assortiment du jeu se compose principalement d&rsquo;articles cosm\u00e9tiques tels que des v\u00eatements de personnages, des skins d&rsquo;armes, des parachutes et des caisses. Les jeux de tir tactiques \u00e0 la troisi\u00e8me personne comme PUBG impliquent souvent de regarder votre personnage pendant des minutes ou des heures.<\/p>\n","protected":false},"featured_media":880,"comment_status":"open","ping_status":"closed","template":"","meta":{"mstoreapp_likes":0},"product_cat":[95],"product_tag":[],"_links":{"self":[{"href":"https:\/\/game-zone-hammamlif.com\/index.php\/wp-json\/wp\/v2\/product\/883"}],"collection":[{"href":"https:\/\/game-zone-hammamlif.com\/index.php\/wp-json\/wp\/v2\/product"}],"about":[{"href":"https:\/\/game-zone-hammamlif.com\/index.php\/wp-json\/wp\/v2\/types\/product"}],"replies":[{"embeddable":true,"href":"https:\/\/game-zone-hammamlif.com\/index.php\/wp-json\/wp\/v2\/comments?post=883"}],"wp:featuredmedia":[{"embeddable":true,"href":"https:\/\/game-zone-hammamlif.com\/index.php\/wp-json\/wp\/v2\/media\/880"}],"wp:attachment":[{"href":"https:\/\/game-zone-hammamlif.com\/index.php\/wp-json\/wp\/v2\/media?parent=883"}],"wp:term":[{"taxonomy":"product_cat","embeddable":true,"href":"https:\/\/game-zone-hammamlif.com\/index.php\/wp-json\/wp\/v2\/product_cat?post=883"},{"taxonomy":"product_tag","embeddable":true,"href":"https:\/\/game-zone-hammamlif.com\/index.php\/wp-json\/wp\/v2\/product_tag?post=883"}],"curies":[{"name":"wp","href":"https:\/\/api.w.org\/{rel}","templated":true}]}}