{"id":88,"date":"2022-06-03T14:10:31","date_gmt":"2022-06-03T14:10:31","guid":{"rendered":"http:\/\/game-zone-hammamlif.com\/?post_type=product&#038;p=88"},"modified":"2022-08-16T23:53:03","modified_gmt":"2022-08-16T22:53:03","slug":"tennis-manager-2022","status":"publish","type":"product","link":"https:\/\/game-zone-hammamlif.com\/index.php\/product\/tennis-manager-2022\/","title":{"rendered":"Tennis Manager 2022"},"content":{"rendered":"<p>Du circuit junior au circuit professionnel, acc\u00e9dez \u00e0 plus de 2 000 tournois. Parmi les 5 000 joueurs pr\u00e9sents, d\u00e9nichez les p\u00e9pites qui m\u00e8neront votre acad\u00e9mie \u00e0 la gloire.<br \/>\nStabilit\u00e9 financi\u00e8re, n\u00e9gociation de contrats, investissements structurels\u2026 Soyez habile dans votre gestion, atteignez les objectifs fix\u00e9s \u00e0 court et long terme, et impressionnez votre conseil d\u2019administration.<br \/>\nEntourez-vous du meilleur staff (entraineurs, pr\u00e9parateurs techniques, physiques, tactiques et mentaux, etc.) et concoctez le programme d\u2019entrainement le plus adapt\u00e9 aux capacit\u00e9s de vos joueurs, \u00e0 leurs attentes mais aussi \u00e0 votre style !<br \/>\nPeaufinez votre discours en conf\u00e9rence de presse et montrez \u00e0 votre conseil d\u2019administration, ainsi qu\u2019\u00e0 vos joueurs, que vous \u00eates l\u2019homme \/ la femme de la situation.<br \/>\nGr\u00e2ce au moteur 3D, immergez-vous dans le c\u0153ur du match et coachez votre joueur en temps r\u00e9el ! Plut\u00f4t service-vol\u00e9e ou limeur de fond de court ? Exub\u00e9rant ou totalement passif ? Prenez le contr\u00f4le, imposez votre style et guidez votre joueur jusqu\u2019au sommet.<\/p>\n","protected":false},"excerpt":{"rendered":"<p>Enfilez le costume de coach et manager d\u2019une acad\u00e9mie de tennis. Plongez au c\u0153ur de la simulation de tennis la plus r\u00e9aliste, sur le court comme en dehors. D\u00e9jouez les pronostics et prenez les r\u00eanes !<\/p>\n","protected":false},"featured_media":89,"comment_status":"open","ping_status":"closed","template":"","meta":{"mstoreapp_likes":0},"product_cat":[16],"product_tag":[45,42,43,44,34,40,41,46],"_links":{"self":[{"href":"https:\/\/game-zone-hammamlif.com\/index.php\/wp-json\/wp\/v2\/product\/88"}],"collection":[{"href":"https:\/\/game-zone-hammamlif.com\/index.php\/wp-json\/wp\/v2\/product"}],"about":[{"href":"https:\/\/game-zone-hammamlif.com\/index.php\/wp-json\/wp\/v2\/types\/product"}],"replies":[{"embeddable":true,"href":"https:\/\/game-zone-hammamlif.com\/index.php\/wp-json\/wp\/v2\/comments?post=88"}],"wp:featuredmedia":[{"embeddable":true,"href":"https:\/\/game-zone-hammamlif.com\/index.php\/wp-json\/wp\/v2\/media\/89"}],"wp:attachment":[{"href":"https:\/\/game-zone-hammamlif.com\/index.php\/wp-json\/wp\/v2\/media?parent=88"}],"wp:term":[{"taxonomy":"product_cat","embeddable":true,"href":"https:\/\/game-zone-hammamlif.com\/index.php\/wp-json\/wp\/v2\/product_cat?post=88"},{"taxonomy":"product_tag","embeddable":true,"href":"https:\/\/game-zone-hammamlif.com\/index.php\/wp-json\/wp\/v2\/product_tag?post=88"}],"curies":[{"name":"wp","href":"https:\/\/api.w.org\/{rel}","templated":true}]}}