{"id":85,"date":"2022-06-03T14:05:30","date_gmt":"2022-06-03T14:05:30","guid":{"rendered":"http:\/\/game-zone-hammamlif.com\/?post_type=product&#038;p=85"},"modified":"2022-08-16T23:53:11","modified_gmt":"2022-08-16T22:53:11","slug":"ready-or-not","status":"publish","type":"product","link":"https:\/\/game-zone-hammamlif.com\/index.php\/product\/ready-or-not\/","title":{"rendered":"Ready or Not"},"content":{"rendered":"<p>\u00c0 propos de ce jeu Ready or Not est un jeu de tir tactique et intense en vue subjective. Membre d&rsquo;une unit\u00e9 d&rsquo;\u00e9lite de la police, vous relevez les d\u00e9fis du monde moderne, tous plus d\u00e9licats les uns que les autres. Le r\u00e9alisme avant tout C&rsquo;est en collaboration avec diff\u00e9rentes forces de police que VOID Interactive a d\u00e9fini le cadre op\u00e9rationnel et cr\u00e9\u00e9 le syst\u00e8me de points de ce titre aussi stimulant que r\u00e9aliste<\/p>\n","protected":false},"excerpt":{"rendered":"<p>Ready or Not est un jeu de tir tactique et intense en vue subjective. Membre d&rsquo;une unit\u00e9 d&rsquo;\u00e9lite de la police, vous relevez les d\u00e9fis du monde moderne, tous plus d\u00e9licats les uns que les autres.<\/p>\n","protected":false},"featured_media":86,"comment_status":"open","ping_status":"closed","template":"","meta":{"mstoreapp_likes":0},"product_cat":[16],"product_tag":[],"_links":{"self":[{"href":"https:\/\/game-zone-hammamlif.com\/index.php\/wp-json\/wp\/v2\/product\/85"}],"collection":[{"href":"https:\/\/game-zone-hammamlif.com\/index.php\/wp-json\/wp\/v2\/product"}],"about":[{"href":"https:\/\/game-zone-hammamlif.com\/index.php\/wp-json\/wp\/v2\/types\/product"}],"replies":[{"embeddable":true,"href":"https:\/\/game-zone-hammamlif.com\/index.php\/wp-json\/wp\/v2\/comments?post=85"}],"wp:featuredmedia":[{"embeddable":true,"href":"https:\/\/game-zone-hammamlif.com\/index.php\/wp-json\/wp\/v2\/media\/86"}],"wp:attachment":[{"href":"https:\/\/game-zone-hammamlif.com\/index.php\/wp-json\/wp\/v2\/media?parent=85"}],"wp:term":[{"taxonomy":"product_cat","embeddable":true,"href":"https:\/\/game-zone-hammamlif.com\/index.php\/wp-json\/wp\/v2\/product_cat?post=85"},{"taxonomy":"product_tag","embeddable":true,"href":"https:\/\/game-zone-hammamlif.com\/index.php\/wp-json\/wp\/v2\/product_tag?post=85"}],"curies":[{"name":"wp","href":"https:\/\/api.w.org\/{rel}","templated":true}]}}