{"id":836,"date":"2024-02-16T17:25:12","date_gmt":"2024-02-16T16:25:12","guid":{"rendered":"https:\/\/game-zone-hammamlif.com\/?post_type=product&#038;p=836"},"modified":"2026-04-17T01:31:13","modified_gmt":"2026-04-17T00:31:13","slug":"ea-sports-fc-24-steam-account","status":"publish","type":"product","link":"https:\/\/game-zone-hammamlif.com\/index.php\/product\/ea-sports-fc-24-steam-account\/","title":{"rendered":"EA SPORTS FC 24 Steam Account"},"content":{"rendered":"<p>EA Sports FC 24 est un jeu de sport classique dans lequel les joueurs auront la possibilit\u00e9 d&rsquo;incarner jusqu&rsquo;\u00e0 19 000 joueurs de football sous licence issus de 700 clubs masculins et f\u00e9minins et de 30 ligues du monde entier. Les matchs peuvent \u00eatre jou\u00e9s contre l&rsquo;ordinateur ou contre d&rsquo;autres joueurs. Il est int\u00e9ressant de noter que les joueurs pourront \u00e9galement cr\u00e9er leurs propres \u00e9quipes mixtes.<\/p>\n","protected":false},"excerpt":{"rendered":"<div class=\"container product-messages\">\n<div class=\"row\">\n<div class=\"sc-1452umt-5 iQFTDf col-12\">\n<div class=\"sc-1jrc9rm-2 sc-dm6jmz-0 jvDgXC cSNrKe\">\n<div class=\"sc-dm6jmz-5 fdzhxl message-warning\">\n<div class=\"sc-dm6jmz-1 hQVLfY\">Ceci n&rsquo;est pas une cl\u00e9 de produit. Un NOUVEAU COMPTE sera cr\u00e9\u00e9 pour vous, dans lequel le contenu achet\u00e9 sera disponible. Vous pouvez vous connecter \u00e0 ce compte en utilisant les d\u00e9tails fournis ici dans votre Inventaire. Apr\u00e8s votre premi\u00e8re connexion, vous pourrez modifier les d\u00e9tails tels que le nom de compte et le mot de passe.<\/div>\n<\/div>\n<\/div>\n<\/div>\n<\/div>\n<\/div>\n<div class=\"sc-kl1e9v-0 bBhvqz product-page-hero\">\n<div class=\"container-fluid container-xl\">\n<div class=\"row\">\n<div class=\"sc-fvxzrP fFNVqN\">\n<div class=\"sc-GEbAx jRwKIS\"><\/div>\n<\/div>\n<\/div>\n<\/div>\n<\/div>\n","protected":false},"featured_media":837,"comment_status":"open","ping_status":"closed","template":"","meta":{"mstoreapp_likes":0},"product_cat":[16],"product_tag":[],"_links":{"self":[{"href":"https:\/\/game-zone-hammamlif.com\/index.php\/wp-json\/wp\/v2\/product\/836"}],"collection":[{"href":"https:\/\/game-zone-hammamlif.com\/index.php\/wp-json\/wp\/v2\/product"}],"about":[{"href":"https:\/\/game-zone-hammamlif.com\/index.php\/wp-json\/wp\/v2\/types\/product"}],"replies":[{"embeddable":true,"href":"https:\/\/game-zone-hammamlif.com\/index.php\/wp-json\/wp\/v2\/comments?post=836"}],"wp:featuredmedia":[{"embeddable":true,"href":"https:\/\/game-zone-hammamlif.com\/index.php\/wp-json\/wp\/v2\/media\/837"}],"wp:attachment":[{"href":"https:\/\/game-zone-hammamlif.com\/index.php\/wp-json\/wp\/v2\/media?parent=836"}],"wp:term":[{"taxonomy":"product_cat","embeddable":true,"href":"https:\/\/game-zone-hammamlif.com\/index.php\/wp-json\/wp\/v2\/product_cat?post=836"},{"taxonomy":"product_tag","embeddable":true,"href":"https:\/\/game-zone-hammamlif.com\/index.php\/wp-json\/wp\/v2\/product_tag?post=836"}],"curies":[{"name":"wp","href":"https:\/\/api.w.org\/{rel}","templated":true}]}}