{"id":83,"date":"2022-06-03T13:59:39","date_gmt":"2022-06-03T13:59:39","guid":{"rendered":"http:\/\/game-zone-hammamlif.com\/?post_type=product&#038;p=83"},"modified":"2026-04-17T02:47:36","modified_gmt":"2026-04-17T01:47:36","slug":"god-of-war-pc","status":"publish","type":"product","link":"https:\/\/game-zone-hammamlif.com\/index.php\/product\/god-of-war-pc\/","title":{"rendered":"God of War PC"},"content":{"rendered":"<p>God of War pour PC a \u00e9t\u00e9 teas\u00e9 pendant des mois, \u00e0 partir de la moiti\u00e9 de l&rsquo;ann\u00e9e 2021 environ, jusqu&rsquo;\u00e0 ce que les d\u00e9veloppeurs mettent enfin un terme \u00e0 la d\u00e9tresse des joueurs et confirment la sortie sur PC en janvier 2022 ! Il s&rsquo;agit d\u2019un portage PC de Gods of War sorti en 2018, qui \u00e9tait initialement disponible uniquement sur PlayStation. Le jeu permet aux joueurs sur PC de profiter de l&rsquo;intense jeu d&rsquo;action-aventure sur les dieux nordiques.<\/p>\n<p>Le jeu est le huiti\u00e8me de la s\u00e9rie et se d\u00e9roule dans un environnement qui, bien qu&rsquo;il ne s&rsquo;agisse pas vraiment d&rsquo;un monde ouvert mais plut\u00f4t d&rsquo;une s\u00e9rie de lieux li\u00e9s entre eux, reste vaste. Vous vous sentez rarement contraint malgr\u00e9 la progression lin\u00e9aire du jeu.<\/p>\n","protected":false},"excerpt":{"rendered":"<p>God of War pour PC a \u00e9t\u00e9 teas\u00e9 pendant des mois, \u00e0 partir de la moiti\u00e9 de l&rsquo;ann\u00e9e 2021 environ, jusqu&rsquo;\u00e0 ce que les d\u00e9veloppeurs mettent enfin un terme \u00e0 la d\u00e9tresse des joueurs et confirment la sortie sur PC en janvier 2022 ! Il s&rsquo;agit d\u2019un portage PC de Gods of War sorti en 2018, qui \u00e9tait initialement disponible uniquement sur PlayStation. Le jeu permet aux joueurs sur PC de profiter de l&rsquo;intense jeu d&rsquo;action-aventure sur les dieux nordiques.<\/p>\n","protected":false},"featured_media":84,"comment_status":"open","ping_status":"closed","template":"","meta":{"mstoreapp_likes":0},"product_cat":[16],"product_tag":[17,38,37,39],"_links":{"self":[{"href":"https:\/\/game-zone-hammamlif.com\/index.php\/wp-json\/wp\/v2\/product\/83"}],"collection":[{"href":"https:\/\/game-zone-hammamlif.com\/index.php\/wp-json\/wp\/v2\/product"}],"about":[{"href":"https:\/\/game-zone-hammamlif.com\/index.php\/wp-json\/wp\/v2\/types\/product"}],"replies":[{"embeddable":true,"href":"https:\/\/game-zone-hammamlif.com\/index.php\/wp-json\/wp\/v2\/comments?post=83"}],"wp:featuredmedia":[{"embeddable":true,"href":"https:\/\/game-zone-hammamlif.com\/index.php\/wp-json\/wp\/v2\/media\/84"}],"wp:attachment":[{"href":"https:\/\/game-zone-hammamlif.com\/index.php\/wp-json\/wp\/v2\/media?parent=83"}],"wp:term":[{"taxonomy":"product_cat","embeddable":true,"href":"https:\/\/game-zone-hammamlif.com\/index.php\/wp-json\/wp\/v2\/product_cat?post=83"},{"taxonomy":"product_tag","embeddable":true,"href":"https:\/\/game-zone-hammamlif.com\/index.php\/wp-json\/wp\/v2\/product_tag?post=83"}],"curies":[{"name":"wp","href":"https:\/\/api.w.org\/{rel}","templated":true}]}}