{"id":763,"date":"2023-03-04T10:51:54","date_gmt":"2023-03-04T09:51:54","guid":{"rendered":"https:\/\/game-zone-hammamlif.com\/?post_type=product&#038;p=763"},"modified":"2023-03-04T10:53:44","modified_gmt":"2023-03-04T09:53:44","slug":"apex-legends-4350-apex-coins","status":"publish","type":"product","link":"https:\/\/game-zone-hammamlif.com\/index.php\/product\/apex-legends-4350-apex-coins\/","title":{"rendered":"Apex Legends: 4350 Apex Coins"},"content":{"rendered":"<p>Achetez 4350 pi\u00e8ces Apex.<\/p>\n","protected":false},"excerpt":{"rendered":"<p>Cette monnaie int\u00e9gr\u00e9e au jeu vous permet d&rsquo;acheter de nouveaux objets cosm\u00e9tiques pour vos personnages et vos armes dans le magasin d&rsquo;achat direct. Les pi\u00e8ces Apex permettent aussi d&rsquo;acheter des pack Apex cosm\u00e9tiques et de d\u00e9bloquer des personnages dans la Boutique.<\/p>\n","protected":false},"featured_media":759,"comment_status":"open","ping_status":"closed","template":"","meta":{"mstoreapp_likes":0},"product_cat":[36,132],"product_tag":[],"_links":{"self":[{"href":"https:\/\/game-zone-hammamlif.com\/index.php\/wp-json\/wp\/v2\/product\/763"}],"collection":[{"href":"https:\/\/game-zone-hammamlif.com\/index.php\/wp-json\/wp\/v2\/product"}],"about":[{"href":"https:\/\/game-zone-hammamlif.com\/index.php\/wp-json\/wp\/v2\/types\/product"}],"replies":[{"embeddable":true,"href":"https:\/\/game-zone-hammamlif.com\/index.php\/wp-json\/wp\/v2\/comments?post=763"}],"wp:featuredmedia":[{"embeddable":true,"href":"https:\/\/game-zone-hammamlif.com\/index.php\/wp-json\/wp\/v2\/media\/759"}],"wp:attachment":[{"href":"https:\/\/game-zone-hammamlif.com\/index.php\/wp-json\/wp\/v2\/media?parent=763"}],"wp:term":[{"taxonomy":"product_cat","embeddable":true,"href":"https:\/\/game-zone-hammamlif.com\/index.php\/wp-json\/wp\/v2\/product_cat?post=763"},{"taxonomy":"product_tag","embeddable":true,"href":"https:\/\/game-zone-hammamlif.com\/index.php\/wp-json\/wp\/v2\/product_tag?post=763"}],"curies":[{"name":"wp","href":"https:\/\/api.w.org\/{rel}","templated":true}]}}