{"id":762,"date":"2023-03-04T10:49:37","date_gmt":"2023-03-04T09:49:37","guid":{"rendered":"https:\/\/game-zone-hammamlif.com\/?post_type=product&#038;p=762"},"modified":"2023-03-04T10:51:49","modified_gmt":"2023-03-04T09:51:49","slug":"apex-legends-2150-apex-coins","status":"publish","type":"product","link":"https:\/\/game-zone-hammamlif.com\/index.php\/product\/apex-legends-2150-apex-coins\/","title":{"rendered":"Apex Legends: 2150 Apex Coins"},"content":{"rendered":"<p>Achetez 2 150 pi\u00e8ces Apex.<\/p>\n","protected":false},"excerpt":{"rendered":"<p>Cette monnaie int\u00e9gr\u00e9e au jeu vous permet d&rsquo;acheter de nouveaux objets cosm\u00e9tiques pour vos personnages et vos armes dans le magasin d&rsquo;achat direct. Les pi\u00e8ces Apex permettent aussi d&rsquo;acheter des pack Apex cosm\u00e9tiques et de d\u00e9bloquer des personnages dans la Boutique.<\/p>\n","protected":false},"featured_media":758,"comment_status":"open","ping_status":"closed","template":"","meta":{"mstoreapp_likes":0},"product_cat":[36,132],"product_tag":[],"_links":{"self":[{"href":"https:\/\/game-zone-hammamlif.com\/index.php\/wp-json\/wp\/v2\/product\/762"}],"collection":[{"href":"https:\/\/game-zone-hammamlif.com\/index.php\/wp-json\/wp\/v2\/product"}],"about":[{"href":"https:\/\/game-zone-hammamlif.com\/index.php\/wp-json\/wp\/v2\/types\/product"}],"replies":[{"embeddable":true,"href":"https:\/\/game-zone-hammamlif.com\/index.php\/wp-json\/wp\/v2\/comments?post=762"}],"wp:featuredmedia":[{"embeddable":true,"href":"https:\/\/game-zone-hammamlif.com\/index.php\/wp-json\/wp\/v2\/media\/758"}],"wp:attachment":[{"href":"https:\/\/game-zone-hammamlif.com\/index.php\/wp-json\/wp\/v2\/media?parent=762"}],"wp:term":[{"taxonomy":"product_cat","embeddable":true,"href":"https:\/\/game-zone-hammamlif.com\/index.php\/wp-json\/wp\/v2\/product_cat?post=762"},{"taxonomy":"product_tag","embeddable":true,"href":"https:\/\/game-zone-hammamlif.com\/index.php\/wp-json\/wp\/v2\/product_tag?post=762"}],"curies":[{"name":"wp","href":"https:\/\/api.w.org\/{rel}","templated":true}]}}