{"id":701,"date":"2022-10-09T00:10:19","date_gmt":"2022-10-08T23:10:19","guid":{"rendered":"https:\/\/game-zone-hammamlif.com\/?post_type=product&#038;p=701"},"modified":"2025-05-29T12:11:37","modified_gmt":"2025-05-29T11:11:37","slug":"call-of-duty-modern-warfare-steam","status":"publish","type":"product","link":"https:\/\/game-zone-hammamlif.com\/index.php\/product\/call-of-duty-modern-warfare-steam\/","title":{"rendered":"Call of Duty: Modern Warfare-Steam"},"content":{"rendered":"<p>Bienvenue dans la nouvelle \u00e8re de Call of Duty.<\/p>\n<p>Call of Duty: Modern Warfare\u00a0II plonge les joueurs dans un conflit mondial sans pr\u00e9c\u00e9dent, avec le retour des Op\u00e9rateurs embl\u00e9matiques de la Task Force\u00a0141. Qu&rsquo;il s&rsquo;agisse d&rsquo;op\u00e9rations tactiques d&rsquo;infiltration \u00e0 petite \u00e9chelle et \u00e0 fort enjeu, ou de missions hautement confidentielles, les joueurs se d\u00e9ploieront aux c\u00f4t\u00e9s de leurs amis dans une exp\u00e9rience v\u00e9ritablement immersive.<\/p>\n<p>Infinity Ward apporte aux fans un gameplay de pointe, avec un tout nouveau maniement des armes, un syst\u00e8me d&rsquo;IA avanc\u00e9, une nouvelle armurerie et d&rsquo;autres innovations de gameplay et graphiques qui \u00e9l\u00e8vent la franchise vers de nouveaux sommets.<\/p>\n<p>Modern Warfare\u00a0II sera lanc\u00e9 avec une campagne solo \u00e0 travers le monde, des combats Multijoueurs immersifs et une exp\u00e9rience d\u2019Op\u00e9rations Sp\u00e9ciales en coop\u00e9ration ax\u00e9e sur la narration.<\/p>\n","protected":false},"excerpt":{"rendered":"<p>Call of Duty: Modern Warfare\u00a0II plonge les joueurs dans un conflit mondial sans pr\u00e9c\u00e9dent, avec le retour des Op\u00e9rateurs embl\u00e9matiques de la Task Force\u00a0141.<\/p>\n","protected":false},"featured_media":702,"comment_status":"open","ping_status":"closed","template":"","meta":{"mstoreapp_likes":0},"product_cat":[16],"product_tag":[],"_links":{"self":[{"href":"https:\/\/game-zone-hammamlif.com\/index.php\/wp-json\/wp\/v2\/product\/701"}],"collection":[{"href":"https:\/\/game-zone-hammamlif.com\/index.php\/wp-json\/wp\/v2\/product"}],"about":[{"href":"https:\/\/game-zone-hammamlif.com\/index.php\/wp-json\/wp\/v2\/types\/product"}],"replies":[{"embeddable":true,"href":"https:\/\/game-zone-hammamlif.com\/index.php\/wp-json\/wp\/v2\/comments?post=701"}],"wp:featuredmedia":[{"embeddable":true,"href":"https:\/\/game-zone-hammamlif.com\/index.php\/wp-json\/wp\/v2\/media\/702"}],"wp:attachment":[{"href":"https:\/\/game-zone-hammamlif.com\/index.php\/wp-json\/wp\/v2\/media?parent=701"}],"wp:term":[{"taxonomy":"product_cat","embeddable":true,"href":"https:\/\/game-zone-hammamlif.com\/index.php\/wp-json\/wp\/v2\/product_cat?post=701"},{"taxonomy":"product_tag","embeddable":true,"href":"https:\/\/game-zone-hammamlif.com\/index.php\/wp-json\/wp\/v2\/product_tag?post=701"}],"curies":[{"name":"wp","href":"https:\/\/api.w.org\/{rel}","templated":true}]}}