{"id":692,"date":"2022-10-08T23:50:51","date_gmt":"2022-10-08T22:50:51","guid":{"rendered":"https:\/\/game-zone-hammamlif.com\/?post_type=product&#038;p=692"},"modified":"2022-10-08T23:50:51","modified_gmt":"2022-10-08T22:50:51","slug":"age-of-empires-iv-pc-steam-key-global","status":"publish","type":"product","link":"https:\/\/game-zone-hammamlif.com\/index.php\/product\/age-of-empires-iv-pc-steam-key-global\/","title":{"rendered":"Age of Empires IV (PC) &#8211; Steam Key &#8211; GLOBAL"},"content":{"rendered":"<p>Il y a quatre campagnes historiques de style documentaire \u00e0 parcourir, ainsi que les premiers nomades de la s\u00e9rie. Les nomades sont les Mongols, qui semblent \u00eatre tr\u00e8s int\u00e9ressants, ayant la premi\u00e8re base mobile jamais vue dans ce type de jeux de strat\u00e9gie en temps r\u00e9el de construction de civilisation. Ils \u00e9taient dans le deuxi\u00e8me jeu, mais statiques, comme les autres civilisations mentionn\u00e9es.<\/p>\n<p>Les quatre campagnes sont : la conqu\u00eate normande, la guerre de 100 ans, l&#8217;empire mongol et l&rsquo;ascension de Moscou. Il y aura des combats, des batailles en mer et les armes de si\u00e8ge feront un travail efficace sur les fortifications, alors construisez bien les v\u00f4tres !<\/p>\n<p>Vous commencerez le jeu dans votre base, en rassemblant du bois et des pierres pour construire des structures simples au d\u00e9but, qui augmenteront lentement en taille et en force. Vous entra\u00eenerez \u00e9galement des troupes (par groupes de 200 environ) avant de les envoyer \u00e0 la conqu\u00eate de territoires en votre nom.<\/p>\n<p>Votre choix de civilisation a de l&rsquo;importance : chacune des civilisations travaille diff\u00e9remment, se bat diff\u00e9remment et, d&rsquo;une mani\u00e8re g\u00e9n\u00e9rale, montre clairement qu&rsquo;elle n&rsquo;est pas la m\u00eame que les autres. Il est possible de brouiller les pistes en introduisant des \u00e9l\u00e9ments d&rsquo;une civilisation dans une autre, mais ces \u00e9l\u00e9ments sont soigneusement adapt\u00e9s \u00e0 une \u00e9ventuelle authenticit\u00e9, c&rsquo;est-\u00e0-dire que si les civilisations communiquaient ou \u00e9taient g\u00e9ographiquement proches, il est possible que des influences se soient propag\u00e9es de l&rsquo;une \u00e0 l&rsquo;autre.<\/p>\n<p>Au fil des ann\u00e9es, votre civilisation \u00e9volue de mani\u00e8re assez authentique, passant d&rsquo;une langue m\u00e9di\u00e9vale pr\u00e9coce \u00e0 une grammaire et une syntaxe plus sophistiqu\u00e9es. Cela se produit dans toutes les civilisations et c&rsquo;\u00e9tait une caract\u00e9ristique d\u00e9lib\u00e9r\u00e9e. Les d\u00e9veloppeurs du jeu ont fait appel \u00e0 des locuteurs et \u00e0 des sp\u00e9cialistes des langues anciennes pour assurer la vraisemblance.<\/p>\n","protected":false},"excerpt":{"rendered":"<p>Age of Empires IV pour PC est un jeu de strat\u00e9gie en temps r\u00e9el, le quatri\u00e8me de la s\u00e9rie Age of Empires et quinze ans apr\u00e8s la troisi\u00e8me version.<\/p>\n<p>Cette version se d\u00e9roule au Moyen \u00c2ge et fait une large place \u00e0 la conqu\u00eate normande. Si vous \u00e9tiez un grand fan du troisi\u00e8me opus, la prise en main devrait se faire assez facilement.<\/p>\n","protected":false},"featured_media":695,"comment_status":"open","ping_status":"closed","template":"","meta":{"mstoreapp_likes":0},"product_cat":[16],"product_tag":[],"_links":{"self":[{"href":"https:\/\/game-zone-hammamlif.com\/index.php\/wp-json\/wp\/v2\/product\/692"}],"collection":[{"href":"https:\/\/game-zone-hammamlif.com\/index.php\/wp-json\/wp\/v2\/product"}],"about":[{"href":"https:\/\/game-zone-hammamlif.com\/index.php\/wp-json\/wp\/v2\/types\/product"}],"replies":[{"embeddable":true,"href":"https:\/\/game-zone-hammamlif.com\/index.php\/wp-json\/wp\/v2\/comments?post=692"}],"wp:featuredmedia":[{"embeddable":true,"href":"https:\/\/game-zone-hammamlif.com\/index.php\/wp-json\/wp\/v2\/media\/695"}],"wp:attachment":[{"href":"https:\/\/game-zone-hammamlif.com\/index.php\/wp-json\/wp\/v2\/media?parent=692"}],"wp:term":[{"taxonomy":"product_cat","embeddable":true,"href":"https:\/\/game-zone-hammamlif.com\/index.php\/wp-json\/wp\/v2\/product_cat?post=692"},{"taxonomy":"product_tag","embeddable":true,"href":"https:\/\/game-zone-hammamlif.com\/index.php\/wp-json\/wp\/v2\/product_tag?post=692"}],"curies":[{"name":"wp","href":"https:\/\/api.w.org\/{rel}","templated":true}]}}