{"id":687,"date":"2022-10-08T23:08:59","date_gmt":"2022-10-08T22:08:59","guid":{"rendered":"https:\/\/game-zone-hammamlif.com\/?post_type=product&#038;p=687"},"modified":"2025-06-03T10:20:41","modified_gmt":"2025-06-03T09:20:41","slug":"ace-combat-7-skies-unknown-standard-edition-steam-key-global","status":"publish","type":"product","link":"https:\/\/game-zone-hammamlif.com\/index.php\/product\/ace-combat-7-skies-unknown-standard-edition-steam-key-global\/","title":{"rendered":"ACE COMBAT 7: SKIES UNKNOWN Standard Edition Steam Key GLOBAL"},"content":{"rendered":"<p>Achetez ACE COMBAT 7: SKIES UNKNOWN et obtenez le DLC du F-104C: Avril jouable comme bonus.<\/p>\n","protected":false},"excerpt":{"rendered":"<p>Devenez un professionnel du pilotage et traversez un ciel photor\u00e9aliste avec une libert\u00e9 de mouvement totale; abattez les avions ennemis et r\u00e9alisez des raids incroyables! Vivez les combats a\u00e9riens les plus beaux et les plus r\u00e9alistes!<br \/>\nProject Aces veut r\u00e9volutionner les cieux avec cet \u00e9pisode de la s\u00e9rie, en le rendant si immersif que vous aurez l&rsquo;impression d&rsquo;\u00eatre vraiment aux commandes de votre avion! L&rsquo;interface et votre appareil seront affect\u00e9s par la m\u00e9t\u00e9o et l&rsquo;environnement, pour un r\u00e9alisme encore jamais atteint dans un jeu de combat a\u00e9rien. Pr\u00e9parez-vous \u00e0 des affrontements intense!<\/p>\n","protected":false},"featured_media":688,"comment_status":"open","ping_status":"closed","template":"","meta":{"mstoreapp_likes":0},"product_cat":[16],"product_tag":[],"_links":{"self":[{"href":"https:\/\/game-zone-hammamlif.com\/index.php\/wp-json\/wp\/v2\/product\/687"}],"collection":[{"href":"https:\/\/game-zone-hammamlif.com\/index.php\/wp-json\/wp\/v2\/product"}],"about":[{"href":"https:\/\/game-zone-hammamlif.com\/index.php\/wp-json\/wp\/v2\/types\/product"}],"replies":[{"embeddable":true,"href":"https:\/\/game-zone-hammamlif.com\/index.php\/wp-json\/wp\/v2\/comments?post=687"}],"wp:featuredmedia":[{"embeddable":true,"href":"https:\/\/game-zone-hammamlif.com\/index.php\/wp-json\/wp\/v2\/media\/688"}],"wp:attachment":[{"href":"https:\/\/game-zone-hammamlif.com\/index.php\/wp-json\/wp\/v2\/media?parent=687"}],"wp:term":[{"taxonomy":"product_cat","embeddable":true,"href":"https:\/\/game-zone-hammamlif.com\/index.php\/wp-json\/wp\/v2\/product_cat?post=687"},{"taxonomy":"product_tag","embeddable":true,"href":"https:\/\/game-zone-hammamlif.com\/index.php\/wp-json\/wp\/v2\/product_tag?post=687"}],"curies":[{"name":"wp","href":"https:\/\/api.w.org\/{rel}","templated":true}]}}