{"id":654,"date":"2022-10-05T16:10:07","date_gmt":"2022-10-05T15:10:07","guid":{"rendered":"https:\/\/game-zone-hammamlif.com\/?post_type=product&#038;p=654"},"modified":"2025-06-03T10:03:23","modified_gmt":"2025-06-03T09:03:23","slug":"xbox-game-pass-ultimate-3-mois","status":"publish","type":"product","link":"https:\/\/game-zone-hammamlif.com\/index.php\/product\/xbox-game-pass-ultimate-3-mois\/","title":{"rendered":"Xbox Game Pass Ultimate 3 Mois"},"content":{"rendered":"<div>1. Rendez-vous sur\u00a0<a href=\"https:\/\/microsoft.com\/redeem\" target=\"_blank\" rel=\"noopener\">microsoft.com\/redeem<\/a><br \/>\n2. R\u00e9v\u00e9lez avec pr\u00e9caution le code et saisissez-le<br \/>\n3. Commencez vos achats<\/div>\n<p>Pour cr\u00e9er un nouveau compte Microsoft ou pour lire les conditions g\u00e9n\u00e9rales compl\u00e8tes (qui peuvent \u00eatre modifi\u00e9es sans pr\u00e9avis), rendez-vous sur le site\u00a0<a href=\"https:\/\/microsoft.com\/cardterms\" target=\"_blank\" rel=\"noopener\">microsoft.com\/cardterms<\/a>.<\/p>\n","protected":false},"excerpt":{"rendered":"<p>Comprend:<br \/>\n&#8211; Abonnement Xbox Live 1 mois<br \/>\n&#8211; Xbox Game Pass 1 mois<br \/>\n&#8211; Xbox Game Pass PC 1 mois<\/p>\n<p>Xbox Game Pass Ultimate:<br \/>\nXbox Live Gold et plus de 100 jeux de haute qualit\u00e9 pour un prix mensuel peu \u00e9lev\u00e9. Jouez avec vos amis et d\u00e9couvrez votre prochain jeu favori.<\/p>\n<p>Si vous rejoignez Xbox Game Pass Ultimate, vous pourrez mettre \u00e0 niveau le reste du temps Xbox Live Gold ou du Xbox Game Pass vers Xbox Game Pass Ultimate pour la m\u00eame p\u00e9riode, jusqu\u2019\u00e0 36 mois. Toutes les conversions sont d\u00e9finitives.<\/p>\n","protected":false},"featured_media":651,"comment_status":"open","ping_status":"closed","template":"","meta":{"mstoreapp_likes":0},"product_cat":[36,126],"product_tag":[],"_links":{"self":[{"href":"https:\/\/game-zone-hammamlif.com\/index.php\/wp-json\/wp\/v2\/product\/654"}],"collection":[{"href":"https:\/\/game-zone-hammamlif.com\/index.php\/wp-json\/wp\/v2\/product"}],"about":[{"href":"https:\/\/game-zone-hammamlif.com\/index.php\/wp-json\/wp\/v2\/types\/product"}],"replies":[{"embeddable":true,"href":"https:\/\/game-zone-hammamlif.com\/index.php\/wp-json\/wp\/v2\/comments?post=654"}],"wp:featuredmedia":[{"embeddable":true,"href":"https:\/\/game-zone-hammamlif.com\/index.php\/wp-json\/wp\/v2\/media\/651"}],"wp:attachment":[{"href":"https:\/\/game-zone-hammamlif.com\/index.php\/wp-json\/wp\/v2\/media?parent=654"}],"wp:term":[{"taxonomy":"product_cat","embeddable":true,"href":"https:\/\/game-zone-hammamlif.com\/index.php\/wp-json\/wp\/v2\/product_cat?post=654"},{"taxonomy":"product_tag","embeddable":true,"href":"https:\/\/game-zone-hammamlif.com\/index.php\/wp-json\/wp\/v2\/product_tag?post=654"}],"curies":[{"name":"wp","href":"https:\/\/api.w.org\/{rel}","templated":true}]}}