{"id":646,"date":"2022-10-03T16:29:56","date_gmt":"2022-10-03T15:29:56","guid":{"rendered":"https:\/\/game-zone-hammamlif.com\/?post_type=product&#038;p=646"},"modified":"2022-10-03T16:31:25","modified_gmt":"2022-10-03T15:31:25","slug":"abonnement-xbox-live-gold-6-mois","status":"publish","type":"product","link":"https:\/\/game-zone-hammamlif.com\/index.php\/product\/abonnement-xbox-live-gold-6-mois\/","title":{"rendered":"Abonnement Xbox Live Gold 6 mois"},"content":{"rendered":"<ol>\n<li>Rendez-vous sur\u00a0<a href=\"https:\/\/microsoft.com\/redeem\" target=\"_blank\" rel=\"noopener\"><strong>microsoft.com\/redeem<\/strong><\/a><\/li>\n<li>R\u00e9v\u00e9lez avec pr\u00e9caution le code et saisissez-le<\/li>\n<li>Commencez vos achats<\/li>\n<\/ol>\n","protected":false},"excerpt":{"rendered":"<p>Jouez en ligne avec des amis, obtenez des jeux gratuits et profitez de remises exclusives, sur Xbox Series X|S, Xbox One et Xbox 360.*<\/p>\n<p>PAS DE DATE D\u2019EXPIRATION NI DE FRAIS DE SERVICE<\/p>\n<p>* Jeux et contenu multim\u00e9dia vendus s\u00e9par\u00e9ment. Des abonnements et\/ou conditions suppl\u00e9mentaires sont requis pour certains services. Aucune fonctionnalit\u00e9 multijoueur entre Xbox Series X|S, Xbox One et Xbox 360. Consultez xbox.com\/goldfeatures pour conna\u00eetre les services n\u00e9cessitant d\u2019\u00eatre abonn\u00e9 Gold.\u00a0<strong>Jeux offerts<\/strong>\u00a0: offre r\u00e9serv\u00e9e aux abonn\u00e9s Gold. Un abonnement Gold actif est requis pour pouvoir jouer aux jeux offerts sur Xbox Series X|S et Xbox One. Kinect et\/ou disque dur requis pour certains jeux. Des restrictions s\u2019appliquent. Consultez\u00a0<strong>xbox.com\/live<\/strong>\u00a0pour plus d\u2019informations.<\/p>\n","protected":false},"featured_media":643,"comment_status":"open","ping_status":"closed","template":"","meta":{"mstoreapp_likes":0},"product_cat":[36,125],"product_tag":[],"_links":{"self":[{"href":"https:\/\/game-zone-hammamlif.com\/index.php\/wp-json\/wp\/v2\/product\/646"}],"collection":[{"href":"https:\/\/game-zone-hammamlif.com\/index.php\/wp-json\/wp\/v2\/product"}],"about":[{"href":"https:\/\/game-zone-hammamlif.com\/index.php\/wp-json\/wp\/v2\/types\/product"}],"replies":[{"embeddable":true,"href":"https:\/\/game-zone-hammamlif.com\/index.php\/wp-json\/wp\/v2\/comments?post=646"}],"wp:featuredmedia":[{"embeddable":true,"href":"https:\/\/game-zone-hammamlif.com\/index.php\/wp-json\/wp\/v2\/media\/643"}],"wp:attachment":[{"href":"https:\/\/game-zone-hammamlif.com\/index.php\/wp-json\/wp\/v2\/media?parent=646"}],"wp:term":[{"taxonomy":"product_cat","embeddable":true,"href":"https:\/\/game-zone-hammamlif.com\/index.php\/wp-json\/wp\/v2\/product_cat?post=646"},{"taxonomy":"product_tag","embeddable":true,"href":"https:\/\/game-zone-hammamlif.com\/index.php\/wp-json\/wp\/v2\/product_tag?post=646"}],"curies":[{"name":"wp","href":"https:\/\/api.w.org\/{rel}","templated":true}]}}