{"id":622,"date":"2022-10-03T13:39:08","date_gmt":"2022-10-03T12:39:08","guid":{"rendered":"https:\/\/game-zone-hammamlif.com\/?post_type=product&#038;p=622"},"modified":"2025-11-07T07:56:36","modified_gmt":"2025-11-07T06:56:36","slug":"carte-cadeau-xbox-live-5e-europe","status":"publish","type":"product","link":"https:\/\/game-zone-hammamlif.com\/index.php\/product\/carte-cadeau-xbox-live-5e-europe\/","title":{"rendered":"Carte cadeau Xbox Live 5\u20ac &#8211; Europe"},"content":{"rendered":"<ol>\n<li>Rendez-vous sur\u00a0<a href=\"https:\/\/microsoft.com\/redeem\" target=\"_blank\" rel=\"noopener\"><strong>microsoft.com\/redeem<\/strong><\/a><\/li>\n<li>R\u00e9v\u00e9lez avec pr\u00e9caution le code et saisissez-le<\/li>\n<li>Commencez vos achats<\/li>\n<\/ol>\n","protected":false},"excerpt":{"rendered":"<p>Achetez des jeux, des films, des s\u00e9ries TV, de la musique, des applications et bien plus encore sur Xbox et\u00a0Windows.*<\/p>\n<p>PAS DE DATE D\u2019EXPIRATION NI DE FRAIS DE SERVICE<\/p>\n<p>* Fonctionne avec les ordinateurs, tablettes et t\u00e9l\u00e9phones Windows\u00a010, Windows\u00a08.1, Windows Phone\u00a08, Xbox Series X|S, Xbox\u00a0One et Xbox\u00a0360 (Xbox\u00a0Live requis). Non utilisable sur les versions ant\u00e9rieures. Musique\u00a0: uniquement pour l&rsquo;achat de titres, d&rsquo;albums et du Xbox Music Pass sur ordinateurs et tablettes Windows\u00a010 et Windows\u00a08.1, ou du Xbox Music Pass sur Xbox\u00a0One (Xbox\u00a0Live requis).<\/p>\n","protected":false},"featured_media":623,"comment_status":"open","ping_status":"closed","template":"","meta":{"mstoreapp_likes":0},"product_cat":[36,121,122],"product_tag":[],"_links":{"self":[{"href":"https:\/\/game-zone-hammamlif.com\/index.php\/wp-json\/wp\/v2\/product\/622"}],"collection":[{"href":"https:\/\/game-zone-hammamlif.com\/index.php\/wp-json\/wp\/v2\/product"}],"about":[{"href":"https:\/\/game-zone-hammamlif.com\/index.php\/wp-json\/wp\/v2\/types\/product"}],"replies":[{"embeddable":true,"href":"https:\/\/game-zone-hammamlif.com\/index.php\/wp-json\/wp\/v2\/comments?post=622"}],"wp:featuredmedia":[{"embeddable":true,"href":"https:\/\/game-zone-hammamlif.com\/index.php\/wp-json\/wp\/v2\/media\/623"}],"wp:attachment":[{"href":"https:\/\/game-zone-hammamlif.com\/index.php\/wp-json\/wp\/v2\/media?parent=622"}],"wp:term":[{"taxonomy":"product_cat","embeddable":true,"href":"https:\/\/game-zone-hammamlif.com\/index.php\/wp-json\/wp\/v2\/product_cat?post=622"},{"taxonomy":"product_tag","embeddable":true,"href":"https:\/\/game-zone-hammamlif.com\/index.php\/wp-json\/wp\/v2\/product_tag?post=622"}],"curies":[{"name":"wp","href":"https:\/\/api.w.org\/{rel}","templated":true}]}}