{"id":560,"date":"2022-09-16T20:31:22","date_gmt":"2022-09-16T19:31:22","guid":{"rendered":"https:\/\/game-zone-hammamlif.com\/?post_type=product&#038;p=560"},"modified":"2025-07-15T04:36:24","modified_gmt":"2025-07-15T03:36:24","slug":"valorant-450-riot-points-europe","status":"publish","type":"product","link":"https:\/\/game-zone-hammamlif.com\/index.php\/product\/valorant-450-riot-points-europe\/","title":{"rendered":"Valorant 450 Riot Points &#8211; Europe"},"content":{"rendered":"<p><span>Lors de l&rsquo;achat de vos cartes, copie num\u00e9rique et re\u00e7u au moins jusqu&rsquo;\u00e0 ce que vous soyez en mesure de v\u00e9rifier que vous avez bien utilis\u00e9 la carte.\u00a0Si une erreur se produit lors du processus d&rsquo;\u00e9change, votre carte et le re\u00e7u du magasin sont essentiels pour enqu\u00eater plus avant sur le probl\u00e8me.<\/span><\/p>\n<p><b><span>Utilisation de votre carte dans VALORANT\u00a0:<\/span><\/b><\/p>\n<p><span>1.Connectez-vous au client du jeu VALORANT<\/span><\/p>\n<p><span>2.Cliquez sur l&rsquo;ic\u00f4ne VALORANT situ\u00e9e \u00e0 droite de l&rsquo;onglet Boutique<\/span><\/p>\n<p><span>3.S\u00e9lectionnez les cartes et codes pr\u00e9pay\u00e9s<\/span><\/p>\n<p><span>4.Saisissez le code fourni pour votre carte<\/span><\/p>\n<p><span>5.Appuyez sur Soumettre<\/span><\/p>\n<p><span>6.Profitez de vos points VALORANT\u00a0!<\/span><\/p>\n","protected":false},"excerpt":{"rendered":"<p><span>Les cartes-cadeaux pr\u00e9pay\u00e9es de Riot sont un moyen pratique d&rsquo;acheter la monnaie du jeu de Riot sans avoir besoin d&rsquo;une carte de cr\u00e9dit ou d&rsquo;un compte bancaire.\u00a0<\/span><span>Ces cartes peuvent \u00eatre achet\u00e9es num\u00e9riquement en ligne ou chez les d\u00e9taillants locaux, et elles peuvent \u00eatre \u00e9chang\u00e9es en saisissant le code PIN de la carte dans notre magasin client.<\/span><\/p>\n","protected":false},"featured_media":561,"comment_status":"open","ping_status":"closed","template":"","meta":{"mstoreapp_likes":0},"product_cat":[88,110],"product_tag":[],"_links":{"self":[{"href":"https:\/\/game-zone-hammamlif.com\/index.php\/wp-json\/wp\/v2\/product\/560"}],"collection":[{"href":"https:\/\/game-zone-hammamlif.com\/index.php\/wp-json\/wp\/v2\/product"}],"about":[{"href":"https:\/\/game-zone-hammamlif.com\/index.php\/wp-json\/wp\/v2\/types\/product"}],"replies":[{"embeddable":true,"href":"https:\/\/game-zone-hammamlif.com\/index.php\/wp-json\/wp\/v2\/comments?post=560"}],"wp:featuredmedia":[{"embeddable":true,"href":"https:\/\/game-zone-hammamlif.com\/index.php\/wp-json\/wp\/v2\/media\/561"}],"wp:attachment":[{"href":"https:\/\/game-zone-hammamlif.com\/index.php\/wp-json\/wp\/v2\/media?parent=560"}],"wp:term":[{"taxonomy":"product_cat","embeddable":true,"href":"https:\/\/game-zone-hammamlif.com\/index.php\/wp-json\/wp\/v2\/product_cat?post=560"},{"taxonomy":"product_tag","embeddable":true,"href":"https:\/\/game-zone-hammamlif.com\/index.php\/wp-json\/wp\/v2\/product_tag?post=560"}],"curies":[{"name":"wp","href":"https:\/\/api.w.org\/{rel}","templated":true}]}}