{"id":541,"date":"2022-08-19T21:41:52","date_gmt":"2022-08-19T20:41:52","guid":{"rendered":"https:\/\/game-zone-hammamlif.com\/?post_type=product&#038;p=541"},"modified":"2025-09-04T11:24:21","modified_gmt":"2025-09-04T10:24:21","slug":"steam-gift-card-10-tl","status":"publish","type":"product","link":"https:\/\/game-zone-hammamlif.com\/index.php\/product\/steam-gift-card-10-tl\/","title":{"rendered":"Steam Gift Card 10 TL"},"content":{"rendered":"<p>Les cartes-cadeaux sont un moyen facile de recharger votre portefeuille Steam ou celui de quelqu&rsquo;un d&rsquo;autre. Ils fonctionnent de la m\u00eame mani\u00e8re que les ch\u00e8ques-cadeaux ou les codes d&rsquo;activation pour les jeux et peuvent \u00eatre un excellent cadeau pour vous-m\u00eame ou pour quelqu&rsquo;un d&rsquo;autre. Les montants qui y sont contenus peuvent \u00eatre utilis\u00e9s pour diff\u00e9rents types de transactions telles que l&rsquo;achat de jeux vid\u00e9o, de DLC, d&rsquo;applications, de programmes et d&rsquo;autres produits du magasin Steam.<\/p>\n<p>La carte cadeau steam pr\u00e9sent\u00e9e ici contient un montant de 50 TL, et son activation est tr\u00e8s simple et ne devrait poser aucun probl\u00e8me. Tout d&rsquo;abord, vous devez ex\u00e9cuter la plateforme Steam, puis vous connecter \u00e0 votre compte. L&rsquo;\u00e9tape suivante consiste \u00e0 aller dans \u00ab\u00a0Jeux\u00a0\u00bb et \u00e0 cliquer sur \u00ab\u00a0Utiliser le code de portefeuille Steam\u00a0\u00bb. L\u00e0, entrez le code que vous avez re\u00e7u et cliquez sur \u00ab\u00a0Continuer\u00a0\u00bb. Apr\u00e8s avoir termin\u00e9 toutes les activit\u00e9s d\u00e9crites, le compte cible doit \u00eatre recharg\u00e9 du montant sp\u00e9cifi\u00e9.<\/p>\n","protected":false},"excerpt":{"rendered":"<p>Les cartes-cadeaux sont un moyen facile de recharger votre portefeuille Steam ou celui de quelqu&rsquo;un d&rsquo;autre. Ils fonctionnent de la m\u00eame mani\u00e8re que les ch\u00e8ques-cadeaux ou les codes d&rsquo;activation pour les jeux et peuvent \u00eatre un excellent cadeau pour vous-m\u00eame ou pour quelqu&rsquo;un d&rsquo;autre. Les montants qui y sont contenus peuvent \u00eatre utilis\u00e9s pour diff\u00e9rents types de transactions telles que l&rsquo;achat de jeux vid\u00e9o, de DLC, d&rsquo;applications, de programmes et d&rsquo;autres produits du magasin Steam.<\/p>\n","protected":false},"featured_media":279,"comment_status":"open","ping_status":"closed","template":"","meta":{"mstoreapp_likes":0},"product_cat":[36,52,85],"product_tag":[],"_links":{"self":[{"href":"https:\/\/game-zone-hammamlif.com\/index.php\/wp-json\/wp\/v2\/product\/541"}],"collection":[{"href":"https:\/\/game-zone-hammamlif.com\/index.php\/wp-json\/wp\/v2\/product"}],"about":[{"href":"https:\/\/game-zone-hammamlif.com\/index.php\/wp-json\/wp\/v2\/types\/product"}],"replies":[{"embeddable":true,"href":"https:\/\/game-zone-hammamlif.com\/index.php\/wp-json\/wp\/v2\/comments?post=541"}],"wp:featuredmedia":[{"embeddable":true,"href":"https:\/\/game-zone-hammamlif.com\/index.php\/wp-json\/wp\/v2\/media\/279"}],"wp:attachment":[{"href":"https:\/\/game-zone-hammamlif.com\/index.php\/wp-json\/wp\/v2\/media?parent=541"}],"wp:term":[{"taxonomy":"product_cat","embeddable":true,"href":"https:\/\/game-zone-hammamlif.com\/index.php\/wp-json\/wp\/v2\/product_cat?post=541"},{"taxonomy":"product_tag","embeddable":true,"href":"https:\/\/game-zone-hammamlif.com\/index.php\/wp-json\/wp\/v2\/product_tag?post=541"}],"curies":[{"name":"wp","href":"https:\/\/api.w.org\/{rel}","templated":true}]}}