{"id":527,"date":"2022-08-17T00:04:49","date_gmt":"2022-08-16T23:04:49","guid":{"rendered":"https:\/\/game-zone-hammamlif.com\/?post_type=product&#038;p=527"},"modified":"2022-08-17T00:04:49","modified_gmt":"2022-08-16T23:04:49","slug":"marvels-spider-man-remastered-steam","status":"publish","type":"product","link":"https:\/\/game-zone-hammamlif.com\/index.php\/product\/marvels-spider-man-remastered-steam\/","title":{"rendered":"Marvel&rsquo;s Spider-Man Remastered ( steam)"},"content":{"rendered":"<p>Marvel&rsquo;s Spider-Man Remastered<\/p>\n<p>platforme STEAM<\/p>\n","protected":false},"excerpt":{"rendered":"<p>Marvel&rsquo;s Spider-Man Remastered pour PC a \u00e9t\u00e9 d\u00e9velopp\u00e9 par Insomniac Games en collaboration avec Marvel, et optimis\u00e9 pour les PC par Nixxes Software. Vous y incarnez un Peter Parker aguerri combattant le crime contre des ennemis embl\u00e9matiques dans le New York de Marvel. Il lutte en m\u00eame temps pour trouver l\u2019\u00e9quilibre entre sa vie personnelle chaotique et sa carri\u00e8re tandis que le destin des New-Yorkais est entre ses mains.<\/p>\n","protected":false},"featured_media":528,"comment_status":"open","ping_status":"closed","template":"","meta":{"mstoreapp_likes":0},"product_cat":[16],"product_tag":[],"_links":{"self":[{"href":"https:\/\/game-zone-hammamlif.com\/index.php\/wp-json\/wp\/v2\/product\/527"}],"collection":[{"href":"https:\/\/game-zone-hammamlif.com\/index.php\/wp-json\/wp\/v2\/product"}],"about":[{"href":"https:\/\/game-zone-hammamlif.com\/index.php\/wp-json\/wp\/v2\/types\/product"}],"replies":[{"embeddable":true,"href":"https:\/\/game-zone-hammamlif.com\/index.php\/wp-json\/wp\/v2\/comments?post=527"}],"wp:featuredmedia":[{"embeddable":true,"href":"https:\/\/game-zone-hammamlif.com\/index.php\/wp-json\/wp\/v2\/media\/528"}],"wp:attachment":[{"href":"https:\/\/game-zone-hammamlif.com\/index.php\/wp-json\/wp\/v2\/media?parent=527"}],"wp:term":[{"taxonomy":"product_cat","embeddable":true,"href":"https:\/\/game-zone-hammamlif.com\/index.php\/wp-json\/wp\/v2\/product_cat?post=527"},{"taxonomy":"product_tag","embeddable":true,"href":"https:\/\/game-zone-hammamlif.com\/index.php\/wp-json\/wp\/v2\/product_tag?post=527"}],"curies":[{"name":"wp","href":"https:\/\/api.w.org\/{rel}","templated":true}]}}