{"id":525,"date":"2022-08-16T23:51:12","date_gmt":"2022-08-16T22:51:12","guid":{"rendered":"https:\/\/game-zone-hammamlif.com\/?post_type=product&#038;p=525"},"modified":"2025-05-30T07:45:44","modified_gmt":"2025-05-30T06:45:44","slug":"grand-theft-auto-v-premium-online-edition","status":"publish","type":"product","link":"https:\/\/game-zone-hammamlif.com\/index.php\/product\/grand-theft-auto-v-premium-online-edition\/","title":{"rendered":"Grand Theft Auto V: Premium Online Edition"},"content":{"rendered":"<p>Grand Theft Auto V\u00a0: \u00c9dition Premium inclut l&rsquo;histoire compl\u00e8te de Grand Theft Auto V, un acc\u00e8s gratuit au monde en perp\u00e9tuelle \u00e9volution de Grand Theft Auto Online et aux am\u00e9liorations de gameplay et au contenu existants, dont le Braquage de Cayo Perico, le Diamond Casino &amp; H\u00f4tel, le Braquage du Diamond Casino, Trafic d&rsquo;armes, et bien plus encore. Vous obtiendrez \u00e9galement le Pack d&rsquo;entr\u00e9e dans le monde criminel, le moyen le plus rapide de lancer votre empire criminel dans Grand Theft Auto Online.<\/p>\n","protected":false},"excerpt":{"rendered":"<div>&#8211; Grand Theft Auto V<\/div>\n<div>&#8211; Grand Theft Auto V &#8211; Criminal Enterprise Starter Pack<\/div>\n","protected":false},"featured_media":526,"comment_status":"open","ping_status":"closed","template":"","meta":{"mstoreapp_likes":0},"product_cat":[16],"product_tag":[],"_links":{"self":[{"href":"https:\/\/game-zone-hammamlif.com\/index.php\/wp-json\/wp\/v2\/product\/525"}],"collection":[{"href":"https:\/\/game-zone-hammamlif.com\/index.php\/wp-json\/wp\/v2\/product"}],"about":[{"href":"https:\/\/game-zone-hammamlif.com\/index.php\/wp-json\/wp\/v2\/types\/product"}],"replies":[{"embeddable":true,"href":"https:\/\/game-zone-hammamlif.com\/index.php\/wp-json\/wp\/v2\/comments?post=525"}],"wp:featuredmedia":[{"embeddable":true,"href":"https:\/\/game-zone-hammamlif.com\/index.php\/wp-json\/wp\/v2\/media\/526"}],"wp:attachment":[{"href":"https:\/\/game-zone-hammamlif.com\/index.php\/wp-json\/wp\/v2\/media?parent=525"}],"wp:term":[{"taxonomy":"product_cat","embeddable":true,"href":"https:\/\/game-zone-hammamlif.com\/index.php\/wp-json\/wp\/v2\/product_cat?post=525"},{"taxonomy":"product_tag","embeddable":true,"href":"https:\/\/game-zone-hammamlif.com\/index.php\/wp-json\/wp\/v2\/product_tag?post=525"}],"curies":[{"name":"wp","href":"https:\/\/api.w.org\/{rel}","templated":true}]}}