{"id":520,"date":"2022-08-16T23:40:35","date_gmt":"2022-08-16T22:40:35","guid":{"rendered":"https:\/\/game-zone-hammamlif.com\/?post_type=product&#038;p=520"},"modified":"2025-11-07T07:57:17","modified_gmt":"2025-11-07T06:57:17","slug":"ea-sports-fc-24-pc-ea-app-key-global","status":"publish","type":"product","link":"https:\/\/game-zone-hammamlif.com\/index.php\/product\/ea-sports-fc-24-pc-ea-app-key-global\/","title":{"rendered":"EA SPORTS FC 24 (PC) &#8211; EA App Key &#8211; GLOBAL"},"content":{"rendered":"<p>EA SPORTS FC 24 vous permet de vivre The World\u2019s Game sur le terrain avec la technologie HyperMotion2 qui apporte encore plus de r\u00e9alisme au gameplay.<\/p>\n","protected":false},"excerpt":{"rendered":"<p><strong>Le jeu vid\u00e9o de la Coupe du monde\u00a0<\/strong><strong>FC 24<\/strong> introduit le jeu crois\u00e9 entre de nombreuses plateformes. Il est maintenant beaucoup plus facile de se connecter \u00e0 d&rsquo;autres joueurs pour planifier des matchs passionnants et divertissants ! Il existe une grande vari\u00e9t\u00e9 de ce que vous pouvez jouer exactement dans FC 24.<\/p>\n","protected":false},"featured_media":837,"comment_status":"open","ping_status":"closed","template":"","meta":{"mstoreapp_likes":0},"product_cat":[16],"product_tag":[],"_links":{"self":[{"href":"https:\/\/game-zone-hammamlif.com\/index.php\/wp-json\/wp\/v2\/product\/520"}],"collection":[{"href":"https:\/\/game-zone-hammamlif.com\/index.php\/wp-json\/wp\/v2\/product"}],"about":[{"href":"https:\/\/game-zone-hammamlif.com\/index.php\/wp-json\/wp\/v2\/types\/product"}],"replies":[{"embeddable":true,"href":"https:\/\/game-zone-hammamlif.com\/index.php\/wp-json\/wp\/v2\/comments?post=520"}],"wp:featuredmedia":[{"embeddable":true,"href":"https:\/\/game-zone-hammamlif.com\/index.php\/wp-json\/wp\/v2\/media\/837"}],"wp:attachment":[{"href":"https:\/\/game-zone-hammamlif.com\/index.php\/wp-json\/wp\/v2\/media?parent=520"}],"wp:term":[{"taxonomy":"product_cat","embeddable":true,"href":"https:\/\/game-zone-hammamlif.com\/index.php\/wp-json\/wp\/v2\/product_cat?post=520"},{"taxonomy":"product_tag","embeddable":true,"href":"https:\/\/game-zone-hammamlif.com\/index.php\/wp-json\/wp\/v2\/product_tag?post=520"}],"curies":[{"name":"wp","href":"https:\/\/api.w.org\/{rel}","templated":true}]}}