{"id":519,"date":"2022-08-16T23:16:25","date_gmt":"2022-08-16T22:16:25","guid":{"rendered":"https:\/\/game-zone-hammamlif.com\/?post_type=product&#038;p=519"},"modified":"2025-07-15T04:35:22","modified_gmt":"2025-07-15T03:35:22","slug":"carte-cadeaux-roblox-20-1700-robux-2","status":"publish","type":"product","link":"https:\/\/game-zone-hammamlif.com\/index.php\/product\/carte-cadeaux-roblox-20-1700-robux-2\/","title":{"rendered":"Carte Cadeaux Roblox $20 &#8211; 1700 Robux"},"content":{"rendered":"<p>Rechargez votre compte Roblox, puis utilisez-le pour acheter des objets dans le catalogue Roblox, d\u00e9bloquer du contenu ou des atouts suppl\u00e9mentaires dans vos jeux pr\u00e9f\u00e9r\u00e9s, et bien plus encore.<br \/>\nObtenez un objet virtuel exclusif en saisissant un code num\u00e9rique de carte de jeu Roblox.<br \/>\nLe cadeau ultime pour tout fan de Roblox.<\/p>\n","protected":false},"excerpt":{"rendered":"<p>Obtenez un objet virtuel en activant une carte-cadeau Roblox !<\/p>\n","protected":false},"featured_media":510,"comment_status":"open","ping_status":"closed","template":"","meta":{"mstoreapp_likes":0},"product_cat":[83],"product_tag":[],"_links":{"self":[{"href":"https:\/\/game-zone-hammamlif.com\/index.php\/wp-json\/wp\/v2\/product\/519"}],"collection":[{"href":"https:\/\/game-zone-hammamlif.com\/index.php\/wp-json\/wp\/v2\/product"}],"about":[{"href":"https:\/\/game-zone-hammamlif.com\/index.php\/wp-json\/wp\/v2\/types\/product"}],"replies":[{"embeddable":true,"href":"https:\/\/game-zone-hammamlif.com\/index.php\/wp-json\/wp\/v2\/comments?post=519"}],"wp:featuredmedia":[{"embeddable":true,"href":"https:\/\/game-zone-hammamlif.com\/index.php\/wp-json\/wp\/v2\/media\/510"}],"wp:attachment":[{"href":"https:\/\/game-zone-hammamlif.com\/index.php\/wp-json\/wp\/v2\/media?parent=519"}],"wp:term":[{"taxonomy":"product_cat","embeddable":true,"href":"https:\/\/game-zone-hammamlif.com\/index.php\/wp-json\/wp\/v2\/product_cat?post=519"},{"taxonomy":"product_tag","embeddable":true,"href":"https:\/\/game-zone-hammamlif.com\/index.php\/wp-json\/wp\/v2\/product_tag?post=519"}],"curies":[{"name":"wp","href":"https:\/\/api.w.org\/{rel}","templated":true}]}}