{"id":504,"date":"2022-08-16T21:26:45","date_gmt":"2022-08-16T20:26:45","guid":{"rendered":"https:\/\/game-zone-hammamlif.com\/?post_type=product&#038;p=504"},"modified":"2022-08-16T21:27:20","modified_gmt":"2022-08-16T20:27:20","slug":"playstation-psn-card-100","status":"publish","type":"product","link":"https:\/\/game-zone-hammamlif.com\/index.php\/product\/playstation-psn-card-100\/","title":{"rendered":"Playstation PSN Card 100$"},"content":{"rendered":"<p>Un syst\u00e8me Playstation 5, PlayStation4, Playstation 3, PSP (PlayStationPortable), PlayStationVita,Ce code de bon d\u2019achat n\u2019est pas \u00e9changeable contre de l\u2019argent et ne peut pas \u00eatre revendu ou autrement \u00e9chang\u00e9. Il ne sera pas remplac\u00e9 s\u2019il est perdu, vol\u00e9 ou autrement utilis\u00e9 sans votre permission et il n\u2019est valide que pour utilisation unique.<\/p>\n<p>Syst\u00e8me d\u2019exploitation : PS5, PS4, PS3, PS Vita ou PSP.<\/p>\n","protected":false},"excerpt":{"rendered":"<p>Cr\u00e9dits pour le porte-monnaie virtuel PSN<\/p>\n<p>LIVRAISON INSTANTAN\u00c9E AVEC E-MAIL ET RESTRICTIONS R\u00c9GIONALES<\/p>\n","protected":false},"featured_media":498,"comment_status":"open","ping_status":"closed","template":"","meta":{"mstoreapp_likes":0},"product_cat":[36,55,116],"product_tag":[],"_links":{"self":[{"href":"https:\/\/game-zone-hammamlif.com\/index.php\/wp-json\/wp\/v2\/product\/504"}],"collection":[{"href":"https:\/\/game-zone-hammamlif.com\/index.php\/wp-json\/wp\/v2\/product"}],"about":[{"href":"https:\/\/game-zone-hammamlif.com\/index.php\/wp-json\/wp\/v2\/types\/product"}],"replies":[{"embeddable":true,"href":"https:\/\/game-zone-hammamlif.com\/index.php\/wp-json\/wp\/v2\/comments?post=504"}],"wp:featuredmedia":[{"embeddable":true,"href":"https:\/\/game-zone-hammamlif.com\/index.php\/wp-json\/wp\/v2\/media\/498"}],"wp:attachment":[{"href":"https:\/\/game-zone-hammamlif.com\/index.php\/wp-json\/wp\/v2\/media?parent=504"}],"wp:term":[{"taxonomy":"product_cat","embeddable":true,"href":"https:\/\/game-zone-hammamlif.com\/index.php\/wp-json\/wp\/v2\/product_cat?post=504"},{"taxonomy":"product_tag","embeddable":true,"href":"https:\/\/game-zone-hammamlif.com\/index.php\/wp-json\/wp\/v2\/product_tag?post=504"}],"curies":[{"name":"wp","href":"https:\/\/api.w.org\/{rel}","templated":true}]}}