{"id":486,"date":"2022-08-08T20:26:17","date_gmt":"2022-08-08T19:26:17","guid":{"rendered":"http:\/\/game-zone-hammamlif.com\/?post_type=product&#038;p=486"},"modified":"2022-08-08T20:27:12","modified_gmt":"2022-08-08T19:27:12","slug":"playstation-network-card-50e-france","status":"publish","type":"product","link":"https:\/\/game-zone-hammamlif.com\/index.php\/product\/playstation-network-card-50e-france\/","title":{"rendered":"PlayStation Network Card 50\u20ac &#8211; France"},"content":{"rendered":"<p>Cr\u00e9dits pour le porte-monnaie virtuel PSN<\/p>\n<p>Un syst\u00e8me Playstation 5, PlayStation4, Playstation 3, PSP (PlayStationPortable), PlayStationVita, ou un autre syst\u00e8me Sony compatible est indispensable ainsi qu\u2019une connexion Internet \u00e0 bande large (haut d\u00e9bit), Wi-Fi ou Internet 3G (en fonction de votre syst\u00e8me Sony). Les frais d\u2019acc\u00e8s \u00e0 Internet sont \u00e0 la charge de l\u2019utilisateur. Ce code de bon d\u2019achat n\u2019est pas \u00e9changeable contre de l\u2019argent et ne peut pas \u00eatre revendu ou autrement \u00e9chang\u00e9. Il ne sera pas remplac\u00e9 s\u2019il est perdu, vol\u00e9 ou autrement utilis\u00e9 sans votre permission et il n\u2019est valide que pour utilisation unique.<\/p>\n","protected":false},"excerpt":{"rendered":"<p>Cr\u00e9dits pour le porte-monnaie virtuel PSN<\/p>\n<p>LIVRAISON INSTANTAN\u00c9E AVEC E-MAIL ET RESTRICTIONS R\u00c9GIONALES<\/p>\n","protected":false},"featured_media":475,"comment_status":"open","ping_status":"closed","template":"","meta":{"mstoreapp_likes":0},"product_cat":[55,115],"product_tag":[],"_links":{"self":[{"href":"https:\/\/game-zone-hammamlif.com\/index.php\/wp-json\/wp\/v2\/product\/486"}],"collection":[{"href":"https:\/\/game-zone-hammamlif.com\/index.php\/wp-json\/wp\/v2\/product"}],"about":[{"href":"https:\/\/game-zone-hammamlif.com\/index.php\/wp-json\/wp\/v2\/types\/product"}],"replies":[{"embeddable":true,"href":"https:\/\/game-zone-hammamlif.com\/index.php\/wp-json\/wp\/v2\/comments?post=486"}],"wp:featuredmedia":[{"embeddable":true,"href":"https:\/\/game-zone-hammamlif.com\/index.php\/wp-json\/wp\/v2\/media\/475"}],"wp:attachment":[{"href":"https:\/\/game-zone-hammamlif.com\/index.php\/wp-json\/wp\/v2\/media?parent=486"}],"wp:term":[{"taxonomy":"product_cat","embeddable":true,"href":"https:\/\/game-zone-hammamlif.com\/index.php\/wp-json\/wp\/v2\/product_cat?post=486"},{"taxonomy":"product_tag","embeddable":true,"href":"https:\/\/game-zone-hammamlif.com\/index.php\/wp-json\/wp\/v2\/product_tag?post=486"}],"curies":[{"name":"wp","href":"https:\/\/api.w.org\/{rel}","templated":true}]}}