{"id":451,"date":"2022-07-22T22:09:09","date_gmt":"2022-07-22T21:09:09","guid":{"rendered":"http:\/\/game-zone-hammamlif.com\/?post_type=product&#038;p=451"},"modified":"2022-07-22T22:09:09","modified_gmt":"2022-07-22T21:09:09","slug":"abonnement-3-mois-nintendo-individual-europe","status":"publish","type":"product","link":"https:\/\/game-zone-hammamlif.com\/index.php\/product\/abonnement-3-mois-nintendo-individual-europe\/","title":{"rendered":"Abonnement 3 Mois Nintendo (Individual) &#8211; Europe"},"content":{"rendered":"<p>Jeu en ligne<\/p>\n<p>Profitez d&rsquo;exp\u00e9riences de jeu multijoueur en comp\u00e9tition ou en coop\u00e9ration avec vos amis du monde entier avec les titres Nintendo Switch compatibles comme Mario Kart 8 Deluxe ou Splatoon 2 !<\/p>\n<p>Nintendo Entertainment System \u2013 Nintendo Switch Online<\/p>\n<p>Profitez d&rsquo;un catalogue de jeux classiques de la NES constamment enrichi. Vous pourrez non seulement y jouer o\u00f9 et quand vous voulez, mais vous profiterez \u00e9galement de nouvelles fonctionnalit\u00e9s en ligne et d&rsquo;autres am\u00e9liorations apport\u00e9es aux jeux comme la r\u00e9solution en HD, les filtres et les options de sauvegarde sp\u00e9ciales !<\/p>\n<p>Cloud des donn\u00e9es de sauvegarde<\/p>\n<p>Conservez automatiquement et en toute s\u00e9curit\u00e9 vos donn\u00e9es de sauvegarde en ligne pour y acc\u00e9der facilement par la suite. Vous pourrez ainsi simplement r\u00e9cup\u00e9rer vos sauvegardes si vous perdez votre console Nintendo Switch ou si vous en utilisez une nouvelle, par exemple.<\/p>\n<p>Application pour smartphone<\/p>\n<p>Gr\u00e2ce \u00e0 l&rsquo;application pour smartphone Nintendo Switch Online, vous pourrez utiliser le chat vocal et acc\u00e9der \u00e0 des services sp\u00e9cifiques li\u00e9s \u00e0 certains jeux.<\/p>\n<p>Offres exclusives r\u00e9serv\u00e9es aux abonn\u00e9s<\/p>\n<p>B\u00e9n\u00e9ficiez de multiples offres r\u00e9serv\u00e9es aux abonn\u00e9s, notamment une gamme de produits exclusifs uniquement disponibles \u00e0 l&rsquo;achat pour les abonn\u00e9s Nintendo Switch Online !<\/p>\n","protected":false},"excerpt":{"rendered":"<pre>Nintendo Entertainment System \u2013 Nintendo Switch Online<\/pre>\n<pre>LIVRAISON INSTANTAN\u00c9E AVEC E-MAIL ET RESTRICTIONS R\u00c9GIONALES<\/pre>\n","protected":false},"featured_media":446,"comment_status":"open","ping_status":"closed","template":"","meta":{"mstoreapp_likes":0},"product_cat":[36,87,92],"product_tag":[],"_links":{"self":[{"href":"https:\/\/game-zone-hammamlif.com\/index.php\/wp-json\/wp\/v2\/product\/451"}],"collection":[{"href":"https:\/\/game-zone-hammamlif.com\/index.php\/wp-json\/wp\/v2\/product"}],"about":[{"href":"https:\/\/game-zone-hammamlif.com\/index.php\/wp-json\/wp\/v2\/types\/product"}],"replies":[{"embeddable":true,"href":"https:\/\/game-zone-hammamlif.com\/index.php\/wp-json\/wp\/v2\/comments?post=451"}],"wp:featuredmedia":[{"embeddable":true,"href":"https:\/\/game-zone-hammamlif.com\/index.php\/wp-json\/wp\/v2\/media\/446"}],"wp:attachment":[{"href":"https:\/\/game-zone-hammamlif.com\/index.php\/wp-json\/wp\/v2\/media?parent=451"}],"wp:term":[{"taxonomy":"product_cat","embeddable":true,"href":"https:\/\/game-zone-hammamlif.com\/index.php\/wp-json\/wp\/v2\/product_cat?post=451"},{"taxonomy":"product_tag","embeddable":true,"href":"https:\/\/game-zone-hammamlif.com\/index.php\/wp-json\/wp\/v2\/product_tag?post=451"}],"curies":[{"name":"wp","href":"https:\/\/api.w.org\/{rel}","templated":true}]}}