{"id":435,"date":"2022-07-20T01:03:11","date_gmt":"2022-07-20T00:03:11","guid":{"rendered":"http:\/\/game-zone-hammamlif.com\/?post_type=product&#038;p=435"},"modified":"2022-07-20T01:03:11","modified_gmt":"2022-07-20T00:03:11","slug":"world-of-warcraft-carte-60-jours-europe","status":"publish","type":"product","link":"https:\/\/game-zone-hammamlif.com\/index.php\/product\/world-of-warcraft-carte-60-jours-europe\/","title":{"rendered":"World of Warcraft: Carte 60 Jours &#8211; Europe"},"content":{"rendered":"<p>Choisissez de jouer en tant qu&rsquo;humain, elfe, orque ou troll du c\u00f4t\u00e9 de l&rsquo;Alliance (humain et elfe) ou de la Horde (orque et troll), puis \u00e9quipez votre personnage selon la classe choisie, qui comprend mage, pr\u00eatre ou guerrier entre autres.<\/p>\n<p>Partez ensuite pour des qu\u00eates et des missions, \u00e0 la recherche de tr\u00e9sors, en combattant des monstres et en interagissant avec la pl\u00e9thore de personnages non joueurs (PNJ) d\u00e9taill\u00e9s et r\u00e9alistes qui peuplent ce monde fantastique.<\/p>\n","protected":false},"excerpt":{"rendered":"<p>Vous devez avoir le jeu World of warcraft pour pouvoir valider une carte jours.<\/p>\n<p>World of Warcraft : 60 Days Card est un excellent moyen de comparer ce que vous achetez dans la vie r\u00e9elle et ce que vous d\u00e9pensez dans le jeu pendant que vous voyagez et combattez \u00e0 travers ce MMORPG (jeu de r\u00f4le en ligne massivement multijoueur) \u00e9pique.<\/p>\n","protected":false},"featured_media":436,"comment_status":"open","ping_status":"closed","template":"","meta":{"mstoreapp_likes":0},"product_cat":[36,106,117],"product_tag":[],"_links":{"self":[{"href":"https:\/\/game-zone-hammamlif.com\/index.php\/wp-json\/wp\/v2\/product\/435"}],"collection":[{"href":"https:\/\/game-zone-hammamlif.com\/index.php\/wp-json\/wp\/v2\/product"}],"about":[{"href":"https:\/\/game-zone-hammamlif.com\/index.php\/wp-json\/wp\/v2\/types\/product"}],"replies":[{"embeddable":true,"href":"https:\/\/game-zone-hammamlif.com\/index.php\/wp-json\/wp\/v2\/comments?post=435"}],"wp:featuredmedia":[{"embeddable":true,"href":"https:\/\/game-zone-hammamlif.com\/index.php\/wp-json\/wp\/v2\/media\/436"}],"wp:attachment":[{"href":"https:\/\/game-zone-hammamlif.com\/index.php\/wp-json\/wp\/v2\/media?parent=435"}],"wp:term":[{"taxonomy":"product_cat","embeddable":true,"href":"https:\/\/game-zone-hammamlif.com\/index.php\/wp-json\/wp\/v2\/product_cat?post=435"},{"taxonomy":"product_tag","embeddable":true,"href":"https:\/\/game-zone-hammamlif.com\/index.php\/wp-json\/wp\/v2\/product_tag?post=435"}],"curies":[{"name":"wp","href":"https:\/\/api.w.org\/{rel}","templated":true}]}}