{"id":335,"date":"2022-06-21T18:55:31","date_gmt":"2022-06-21T17:55:31","guid":{"rendered":"http:\/\/game-zone-hammamlif.com\/?post_type=product&#038;p=335"},"modified":"2025-05-30T03:42:13","modified_gmt":"2025-05-30T02:42:13","slug":"itunes-gift-card-50-usd","status":"publish","type":"product","link":"https:\/\/game-zone-hammamlif.com\/index.php\/product\/itunes-gift-card-50-usd\/","title":{"rendered":"Itunes Gift Card 50 USD"},"content":{"rendered":"<p>Les cartes Itunes sont tr\u00e8s simples \u00e0 utiliser et constituent \u00e9galement un cadeau parfait. Chaque carte-cadeau iTunes (\u00c9tats-Unis) fonctionne dans le Mac App Store, l\u2019App Store, l\u2019iBooks Store et l\u2019iTunes Store pour recharger les cr\u00e9dits de votre compte iTunes \u00e0 utiliser pour les achats d\u2019applications ou int\u00e9gr\u00e9s.<\/p>\n","protected":false},"excerpt":{"rendered":"<p>Les cartes Itunes sont tr\u00e8s simples \u00e0 utiliser et constituent \u00e9galement un cadeau parfait. Chaque carte-cadeau iTunes (\u00c9tats-Unis) fonctionne dans le Mac App Store, l\u2019App Store, l\u2019iBooks Store et l\u2019iTunes Store pour recharger les cr\u00e9dits de votre compte iTunes \u00e0 utiliser pour les achats d\u2019applications ou int\u00e9gr\u00e9s.<\/p>\n","protected":false},"featured_media":336,"comment_status":"open","ping_status":"closed","template":"","meta":{"mstoreapp_likes":0},"product_cat":[51,90],"product_tag":[],"_links":{"self":[{"href":"https:\/\/game-zone-hammamlif.com\/index.php\/wp-json\/wp\/v2\/product\/335"}],"collection":[{"href":"https:\/\/game-zone-hammamlif.com\/index.php\/wp-json\/wp\/v2\/product"}],"about":[{"href":"https:\/\/game-zone-hammamlif.com\/index.php\/wp-json\/wp\/v2\/types\/product"}],"replies":[{"embeddable":true,"href":"https:\/\/game-zone-hammamlif.com\/index.php\/wp-json\/wp\/v2\/comments?post=335"}],"wp:featuredmedia":[{"embeddable":true,"href":"https:\/\/game-zone-hammamlif.com\/index.php\/wp-json\/wp\/v2\/media\/336"}],"wp:attachment":[{"href":"https:\/\/game-zone-hammamlif.com\/index.php\/wp-json\/wp\/v2\/media?parent=335"}],"wp:term":[{"taxonomy":"product_cat","embeddable":true,"href":"https:\/\/game-zone-hammamlif.com\/index.php\/wp-json\/wp\/v2\/product_cat?post=335"},{"taxonomy":"product_tag","embeddable":true,"href":"https:\/\/game-zone-hammamlif.com\/index.php\/wp-json\/wp\/v2\/product_tag?post=335"}],"curies":[{"name":"wp","href":"https:\/\/api.w.org\/{rel}","templated":true}]}}