{"id":330,"date":"2022-06-21T18:48:39","date_gmt":"2022-06-21T17:48:39","guid":{"rendered":"http:\/\/game-zone-hammamlif.com\/?post_type=product&#038;p=330"},"modified":"2025-05-29T13:30:48","modified_gmt":"2025-05-29T12:30:48","slug":"itunes-gift-card-10-usd","status":"publish","type":"product","link":"https:\/\/game-zone-hammamlif.com\/index.php\/product\/itunes-gift-card-10-usd\/","title":{"rendered":"Itunes Gift Card 10 USD"},"content":{"rendered":"<p>Les cartes Itunes sont tr\u00e8s simples \u00e0 utiliser et constituent \u00e9galement un cadeau parfait. Chaque carte-cadeau iTunes (\u00c9tats-Unis) fonctionne dans le Mac App Store, l&rsquo;App Store, l&rsquo;iBooks Store et l&rsquo;iTunes Store pour recharger les cr\u00e9dits de votre compte iTunes \u00e0 utiliser pour les achats d&rsquo;applications ou int\u00e9gr\u00e9s.<\/p>\n","protected":false},"excerpt":{"rendered":"<p>Les cartes Itunes sont tr\u00e8s simples \u00e0 utiliser et constituent \u00e9galement un cadeau parfait. Chaque carte-cadeau iTunes (\u00c9tats-Unis) fonctionne dans le Mac App Store, l&rsquo;App Store, l&rsquo;iBooks Store et l&rsquo;iTunes Store pour recharger les cr\u00e9dits de votre compte iTunes \u00e0 utiliser pour les achats d&rsquo;applications ou int\u00e9gr\u00e9s.<\/p>\n","protected":false},"featured_media":331,"comment_status":"open","ping_status":"closed","template":"","meta":{"mstoreapp_likes":0},"product_cat":[51,90],"product_tag":[],"_links":{"self":[{"href":"https:\/\/game-zone-hammamlif.com\/index.php\/wp-json\/wp\/v2\/product\/330"}],"collection":[{"href":"https:\/\/game-zone-hammamlif.com\/index.php\/wp-json\/wp\/v2\/product"}],"about":[{"href":"https:\/\/game-zone-hammamlif.com\/index.php\/wp-json\/wp\/v2\/types\/product"}],"replies":[{"embeddable":true,"href":"https:\/\/game-zone-hammamlif.com\/index.php\/wp-json\/wp\/v2\/comments?post=330"}],"wp:featuredmedia":[{"embeddable":true,"href":"https:\/\/game-zone-hammamlif.com\/index.php\/wp-json\/wp\/v2\/media\/331"}],"wp:attachment":[{"href":"https:\/\/game-zone-hammamlif.com\/index.php\/wp-json\/wp\/v2\/media?parent=330"}],"wp:term":[{"taxonomy":"product_cat","embeddable":true,"href":"https:\/\/game-zone-hammamlif.com\/index.php\/wp-json\/wp\/v2\/product_cat?post=330"},{"taxonomy":"product_tag","embeddable":true,"href":"https:\/\/game-zone-hammamlif.com\/index.php\/wp-json\/wp\/v2\/product_tag?post=330"}],"curies":[{"name":"wp","href":"https:\/\/api.w.org\/{rel}","templated":true}]}}