{"id":328,"date":"2022-06-21T18:40:23","date_gmt":"2022-06-21T17:40:23","guid":{"rendered":"http:\/\/game-zone-hammamlif.com\/?post_type=product&#038;p=328"},"modified":"2022-06-21T18:40:23","modified_gmt":"2022-06-21T17:40:23","slug":"google-play-gift-card-25-usd","status":"publish","type":"product","link":"https:\/\/game-zone-hammamlif.com\/index.php\/product\/google-play-gift-card-25-usd\/","title":{"rendered":"Google Play Gift Card 25 USD"},"content":{"rendered":"<p>Acc\u00e9dez \u00e0 des millions de livres, de chansons, de films, d&rsquo;applications et bien plus encore sur la boutique Google Play. \u00c9changez sur le Web ou les appareils Android, aucune carte de cr\u00e9dit n&rsquo;est n\u00e9cessaire. Commencez \u00e0 utiliser vos cartes-cadeaux sur le Web ou les appareils Android. Ils n&rsquo;expirent jamais !<\/p>\n<p>Principales caract\u00e9ristiques:<\/p>\n<p>Les cartes-cadeaux Google Play sont parfaites pour toutes les occasions. Utilisez votre carte-cadeau pour obtenir :<\/p>\n<p>Des millions de chansons et de livres \u00e9lectroniques, des milliers de films et une grande s\u00e9lection d&rsquo;\u00e9missions de t\u00e9l\u00e9vision et de magazines, tous accessibles depuis le Web et sur Android.<\/p>\n<p>Les derni\u00e8res applications pour votre t\u00e9l\u00e9phone ou tablette Android et des extras comme des packs compl\u00e9mentaires, des niveaux suppl\u00e9mentaires et de la monnaie virtuelle.<\/p>\n","protected":false},"excerpt":{"rendered":"<p>Acc\u00e9dez \u00e0 des millions de livres, de chansons, de films, d&rsquo;applications et bien plus encore sur la boutique Google Play. \u00c9changez sur le Web ou les appareils Android, aucune carte de cr\u00e9dit n&rsquo;est n\u00e9cessaire. Commencez \u00e0 utiliser vos cartes-cadeaux sur le Web ou les appareils Android. Ils n&rsquo;expirent jamais !<\/p>\n","protected":false},"featured_media":325,"comment_status":"open","ping_status":"closed","template":"","meta":{"mstoreapp_likes":0},"product_cat":[51,89],"product_tag":[],"_links":{"self":[{"href":"https:\/\/game-zone-hammamlif.com\/index.php\/wp-json\/wp\/v2\/product\/328"}],"collection":[{"href":"https:\/\/game-zone-hammamlif.com\/index.php\/wp-json\/wp\/v2\/product"}],"about":[{"href":"https:\/\/game-zone-hammamlif.com\/index.php\/wp-json\/wp\/v2\/types\/product"}],"replies":[{"embeddable":true,"href":"https:\/\/game-zone-hammamlif.com\/index.php\/wp-json\/wp\/v2\/comments?post=328"}],"wp:featuredmedia":[{"embeddable":true,"href":"https:\/\/game-zone-hammamlif.com\/index.php\/wp-json\/wp\/v2\/media\/325"}],"wp:attachment":[{"href":"https:\/\/game-zone-hammamlif.com\/index.php\/wp-json\/wp\/v2\/media?parent=328"}],"wp:term":[{"taxonomy":"product_cat","embeddable":true,"href":"https:\/\/game-zone-hammamlif.com\/index.php\/wp-json\/wp\/v2\/product_cat?post=328"},{"taxonomy":"product_tag","embeddable":true,"href":"https:\/\/game-zone-hammamlif.com\/index.php\/wp-json\/wp\/v2\/product_tag?post=328"}],"curies":[{"name":"wp","href":"https:\/\/api.w.org\/{rel}","templated":true}]}}