{"id":307,"date":"2022-06-21T18:21:53","date_gmt":"2022-06-21T17:21:53","guid":{"rendered":"http:\/\/game-zone-hammamlif.com\/?post_type=product&#038;p=307"},"modified":"2022-07-01T18:36:09","modified_gmt":"2022-07-01T17:36:09","slug":"nintendo-eshop-card-10-usd","status":"publish","type":"product","link":"https:\/\/game-zone-hammamlif.com\/index.php\/product\/nintendo-eshop-card-10-usd\/","title":{"rendered":"Nintendo eShop Card 10 USD"},"content":{"rendered":"<p>La carte Nintendo eShop est un moyen pratique de magasiner virtuellement dans les magasins Nintendo. Avec cette carte, vous pouvez acheter en toute s\u00e9curit\u00e9 et de mani\u00e8re anonyme des jeux Nintendo classiques et nouveaux sans utiliser votre carte de cr\u00e9dit ou votre compte bancaire. La carte Nintendo eShop peut \u00eatre utilis\u00e9e avec la Wii U, la Nintendo 3DS et la Nintendo 3DS XL.<\/p>\n","protected":false},"excerpt":{"rendered":"<p>La carte Nintendo eShop est un moyen pratique de magasiner virtuellement dans les magasins Nintendo. Avec cette carte, vous pouvez acheter en toute s\u00e9curit\u00e9 et de mani\u00e8re anonyme des jeux Nintendo classiques et nouveaux sans utiliser votre carte de cr\u00e9dit ou votre compte bancaire. La carte Nintendo eShop peut \u00eatre utilis\u00e9e avec la Wii U, la Nintendo 3DS et la Nintendo 3DS XL.<\/p>\n","protected":false},"featured_media":306,"comment_status":"open","ping_status":"closed","template":"","meta":{"mstoreapp_likes":0},"product_cat":[36,87],"product_tag":[],"_links":{"self":[{"href":"https:\/\/game-zone-hammamlif.com\/index.php\/wp-json\/wp\/v2\/product\/307"}],"collection":[{"href":"https:\/\/game-zone-hammamlif.com\/index.php\/wp-json\/wp\/v2\/product"}],"about":[{"href":"https:\/\/game-zone-hammamlif.com\/index.php\/wp-json\/wp\/v2\/types\/product"}],"replies":[{"embeddable":true,"href":"https:\/\/game-zone-hammamlif.com\/index.php\/wp-json\/wp\/v2\/comments?post=307"}],"wp:featuredmedia":[{"embeddable":true,"href":"https:\/\/game-zone-hammamlif.com\/index.php\/wp-json\/wp\/v2\/media\/306"}],"wp:attachment":[{"href":"https:\/\/game-zone-hammamlif.com\/index.php\/wp-json\/wp\/v2\/media?parent=307"}],"wp:term":[{"taxonomy":"product_cat","embeddable":true,"href":"https:\/\/game-zone-hammamlif.com\/index.php\/wp-json\/wp\/v2\/product_cat?post=307"},{"taxonomy":"product_tag","embeddable":true,"href":"https:\/\/game-zone-hammamlif.com\/index.php\/wp-json\/wp\/v2\/product_tag?post=307"}],"curies":[{"name":"wp","href":"https:\/\/api.w.org\/{rel}","templated":true}]}}