{"id":268,"date":"2022-06-20T15:32:32","date_gmt":"2022-06-20T14:32:32","guid":{"rendered":"http:\/\/game-zone-hammamlif.com\/?post_type=product&#038;p=268"},"modified":"2022-07-20T22:18:54","modified_gmt":"2022-07-20T21:18:54","slug":"fortnite-5000-v-bucks-gift","status":"publish","type":"product","link":"https:\/\/game-zone-hammamlif.com\/index.php\/product\/fortnite-5000-v-bucks-gift\/","title":{"rendered":"Fortnite 5000 V-Bucks Gift"},"content":{"rendered":"<p>Compatible avec: Playstation, Xbox, Nintendo Switch, PC, Mobile.<\/p>\n<p>Achetez 5000 V-bucks de Fortnite. Il s&rsquo;agit d&rsquo;une monnaie virtuelle \u00e0 d\u00e9penser dans les modes Battle Royale, Cr\u00e9atif et Sauver le monde. Dans Battle Royale et le mode Cr\u00e9atif, elle permet d&rsquo;acheter des objets cosm\u00e9tiques tels que des tenues, planeurs, pioches ou emotes, ainsi que le Passe de combat de la saison en cours ! Dans le mode JcE en coop\u00e9ration Sauver le monde, elle s&rsquo;\u00e9change contre des lamas \u00e0 rayons X contenant des sch\u00e9mas d&rsquo;armes et de pi\u00e8ges, de nouveaux h\u00e9ros et plus encore !<\/p>\n<p>Les V-bucks achet\u00e9s sur une plateforme peuvent ne pas \u00eatre utilisables sur les autres plateformes.<\/p>\n","protected":false},"excerpt":{"rendered":"<p><a class=\"name title\">Fortnite &#8211; 5000 V-bucks Gift Card<\/a><\/p>\n<p>Compatible avec: Playstation, Xbox, Nintendo Switch, PC, Mobile.<\/p>\n","protected":false},"featured_media":261,"comment_status":"open","ping_status":"closed","template":"","meta":{"mstoreapp_likes":0},"product_cat":[82],"product_tag":[],"_links":{"self":[{"href":"https:\/\/game-zone-hammamlif.com\/index.php\/wp-json\/wp\/v2\/product\/268"}],"collection":[{"href":"https:\/\/game-zone-hammamlif.com\/index.php\/wp-json\/wp\/v2\/product"}],"about":[{"href":"https:\/\/game-zone-hammamlif.com\/index.php\/wp-json\/wp\/v2\/types\/product"}],"replies":[{"embeddable":true,"href":"https:\/\/game-zone-hammamlif.com\/index.php\/wp-json\/wp\/v2\/comments?post=268"}],"wp:featuredmedia":[{"embeddable":true,"href":"https:\/\/game-zone-hammamlif.com\/index.php\/wp-json\/wp\/v2\/media\/261"}],"wp:attachment":[{"href":"https:\/\/game-zone-hammamlif.com\/index.php\/wp-json\/wp\/v2\/media?parent=268"}],"wp:term":[{"taxonomy":"product_cat","embeddable":true,"href":"https:\/\/game-zone-hammamlif.com\/index.php\/wp-json\/wp\/v2\/product_cat?post=268"},{"taxonomy":"product_tag","embeddable":true,"href":"https:\/\/game-zone-hammamlif.com\/index.php\/wp-json\/wp\/v2\/product_tag?post=268"}],"curies":[{"name":"wp","href":"https:\/\/api.w.org\/{rel}","templated":true}]}}